{"id":90,"date":"2022-02-22T20:16:22","date_gmt":"2022-02-22T20:16:22","guid":{"rendered":"http:\/\/pashahotels.com\/nicosia\/?page_id=90"},"modified":"2022-12-07T13:35:06","modified_gmt":"2022-12-07T13:35:06","slug":"yeme-icme","status":"publish","type":"page","link":"https:\/\/pashahotels.com\/nicosia\/yeme-icme\/","title":{"rendered":"Yeme &#038; \u0130\u00e7me"},"content":{"rendered":"<div class=\"wpb-content-wrapper\"><p>[vc_row full_width=&#8221;stretch_row_content_no_spaces&#8221; content_placement=&#8221;middle&#8221; el_id=&#8221;desktop&#8221;][vc_column css=&#8221;.vc_custom_1644782673113{padding-top: 0px !important;padding-right: 0px !important;}&#8221; offset=&#8221;vc_hidden-sm vc_hidden-xs&#8221;]<div class=\"arrowpress-container container-fluid \">[vc_row_inner equal_height=&#8221;yes&#8221; content_placement=&#8221;middle&#8221; css=&#8221;.vc_custom_1644781151860{padding-right: 0px !important;}&#8221;][vc_column_inner width=&#8221;1\/2&#8243; css=&#8221;.vc_custom_1560862980120{padding-top: 40px !important;}&#8221;]<div id=\"ultimate-heading-204369e08d7e45128\" class=\"uvc-heading ult-adjust-bottom-margin ultimate-heading-204369e08d7e45128 uvc-8302 set_max_width\" data-hspacer=\"icon_only\"  data-halign=\"center\" style=\"text-align:center\"><div class=\"uvc-heading-spacer icon_only\" style=\"top\"><div class=\"ult-just-icon-wrapper  \"><div class=\"align-icon\" style=\"text-align:center;\">\n<div class=\"aio-icon none \"  style=\"color:#9e2b31;font-size:26px;display:inline-block;\">\n\t<i class=\"icomoon-8\"><\/i>\n<\/div><\/div><\/div><\/div><div class=\"uvc-main-heading ult-responsive\"  data-ultimate-target='.uvc-heading.ultimate-heading-204369e08d7e45128 h2'  data-responsive-json-new='{\"font-size\":\"desktop:25px;\",\"line-height\":\"\"}' ><h2 style=\"font-family:&#039;Poppins&#039;;font-weight:600;color:#3d3935;margin-top:11px;margin-bottom:7px;\">Kahvalt\u0131 Servisi<\/h2><\/div><div class=\"uvc-sub-heading ult-responsive\"  data-ultimate-target='.uvc-heading.ultimate-heading-204369e08d7e45128 .uvc-sub-heading '  data-responsive-json-new='{\"font-size\":\"\",\"line-height\":\"\"}'  style=\"font-family:&#039;Poppins&#039;;font-weight:normal;color:#9c9c9c;margin-bottom:38px;\">Her i\u00e7eri\u011fini \u00f6zenle se\u00e7ti\u011fimiz A\u00e7\u0131k B\u00fcfe Zengin Kahvalt\u0131 Servisimiz ile g\u00fcne zinde bir ba\u015flang\u0131\u00e7 yapacaks\u0131n\u0131z.<\/p>\n<p>A\u00e7\u0131k b\u00fcfe kahvalt\u0131 servisimiz her sabah 7:00 ila 10:30 aras\u0131nda yap\u0131lmaktad\u0131r.<br \/>\nB\u00fcfemizde peynir ve zeytin \u00e7e\u015fitleri, salata ve ye\u015fillikler, zengin tah\u0131llar, s\u00fct, yo\u011furt, taze \u00e7\u00f6rekler, g\u00fcnl\u00fck taze ekmek \u00e7e\u015fitleri, marmelat ve re\u00e7eller, bal, yumurta \u00e7e\u015fitleri, taze b\u00f6rekler, hamur i\u015fleri ve meyve bulunmaktad\u0131r.<br \/>\nS\u0131cak i\u00e7ecekler ve taze s\u0131k\u0131lm\u0131\u015f meyve suyu masaya servis edilir.<br \/>\nOda hizmetinden yararlanmak isteyenler i\u00e7in de zengin bir kahvalt\u0131 se\u00e7ene\u011fimiz bulunmaktad\u0131r. (\u00dccretli Servis)<\/div><\/div>[\/vc_column_inner][vc_column_inner width=&#8221;1\/2&#8243; css=&#8221;.vc_custom_1561019873224{padding-right: 0px !important;}&#8221;][vc_images_carousel images=&#8221;86,87,88&#8243; img_size=&#8221;full&#8221; css=&#8221;.vc_custom_1645560847483{margin-right: -15px !important;margin-bottom: 0px !important;padding-right: 0px !important;}&#8221;][\/vc_column_inner][\/vc_row_inner]<\/div>\n[\/vc_column][\/vc_row][vc_row full_width=&#8221;stretch_row_content_no_spaces&#8221; content_placement=&#8221;middle&#8221; el_id=&#8221;mobil&#8221;][vc_column css=&#8221;.vc_custom_1644782719788{padding-top: 0px !important;padding-right: 0px !important;}&#8221; offset=&#8221;vc_hidden-lg vc_hidden-md&#8221;]<div class=\"arrowpress-container container-fluid \">[vc_row_inner equal_height=&#8221;yes&#8221; content_placement=&#8221;middle&#8221; css=&#8221;.vc_custom_1644781151860{padding-right: 0px !important;}&#8221;][vc_column_inner width=&#8221;1\/2&#8243; css=&#8221;.vc_custom_1560862980120{padding-top: 40px !important;}&#8221;]<div id=\"ultimate-heading-555069e08d7e45426\" class=\"uvc-heading ult-adjust-bottom-margin ultimate-heading-555069e08d7e45426 uvc-2525 set_max_width\" data-hspacer=\"icon_only\"  data-halign=\"center\" style=\"text-align:center\"><div class=\"uvc-heading-spacer icon_only\" style=\"top\"><div class=\"ult-just-icon-wrapper  \"><div class=\"align-icon\" style=\"text-align:center;\">\n<div class=\"aio-icon none \"  style=\"color:#9e2b31;font-size:26px;display:inline-block;\">\n\t<i class=\"icomoon-8\"><\/i>\n<\/div><\/div><\/div><\/div><div class=\"uvc-main-heading ult-responsive\"  data-ultimate-target='.uvc-heading.ultimate-heading-555069e08d7e45426 h2'  data-responsive-json-new='{\"font-size\":\"desktop:25px;\",\"line-height\":\"\"}' ><h2 style=\"font-family:&#039;Poppins&#039;;font-weight:600;color:#3d3935;margin-top:11px;margin-bottom:7px;\">Kahvalt\u0131 Servisi<\/h2><\/div><div class=\"uvc-sub-heading ult-responsive\"  data-ultimate-target='.uvc-heading.ultimate-heading-555069e08d7e45426 .uvc-sub-heading '  data-responsive-json-new='{\"font-size\":\"\",\"line-height\":\"\"}'  style=\"font-family:&#039;Poppins&#039;;font-weight:normal;color:#9c9c9c;margin-bottom:38px;\">Her i\u00e7eri\u011fini \u00f6zenle se\u00e7ti\u011fimiz A\u00e7\u0131k B\u00fcfe Zengin Kahvalt\u0131 Servisimiz ile g\u00fcne zinde bir ba\u015flang\u0131\u00e7 yapacaks\u0131n\u0131z.<\/p>\n<p>A\u00e7\u0131k b\u00fcfe kahvalt\u0131 servisimiz her sabah 7:00 ila 10:30 aras\u0131nda yap\u0131lmaktad\u0131r.<br \/>\nB\u00fcfemizde peynir ve zeytin \u00e7e\u015fitleri, salata ve ye\u015fillikler, zengin tah\u0131llar, s\u00fct, yo\u011furt, taze \u00e7\u00f6rekler, g\u00fcnl\u00fck taze ekmek \u00e7e\u015fitleri, marmelat ve re\u00e7eller, bal, yumurta \u00e7e\u015fitleri, taze b\u00f6rekler, hamur i\u015fleri ve meyve bulunmaktad\u0131r.<br \/>\nS\u0131cak i\u00e7ecekler ve taze s\u0131k\u0131lm\u0131\u015f meyve suyu masaya servis edilir.<br \/>\nOda hizmetinden yararlanmak isteyenler i\u00e7in de zengin bir kahvalt\u0131 se\u00e7ene\u011fimiz bulunmaktad\u0131r. (\u00dccretli Servis)<\/div><\/div>[\/vc_column_inner][vc_column_inner width=&#8221;1\/2&#8243;][vc_images_carousel images=&#8221;86,87,88&#8243; img_size=&#8221;full&#8221; css=&#8221;.vc_custom_1646769410558{margin-bottom: 0px !important;}&#8221;][\/vc_column_inner][\/vc_row_inner]<\/div>\n[\/vc_column][\/vc_row][vc_row full_width=&#8221;stretch_row_content_no_spaces&#8221; content_placement=&#8221;middle&#8221; el_id=&#8221;desktop&#8221;][vc_column css=&#8221;.vc_custom_1644782677312{padding-top: 0px !important;}&#8221; offset=&#8221;vc_hidden-sm vc_hidden-xs&#8221;]<div class=\"arrowpress-container container-fluid \">[vc_row_inner equal_height=&#8221;yes&#8221; content_placement=&#8221;middle&#8221;][vc_column_inner width=&#8221;1\/2&#8243;][vc_images_carousel images=&#8221;89&#8243; img_size=&#8221;full&#8221; autoplay=&#8221;yes&#8221; css=&#8221;.vc_custom_1645560898856{margin-bottom: 0px !important;margin-left: -15px !important;}&#8221;][\/vc_column_inner][vc_column_inner width=&#8221;1\/2&#8243; css=&#8221;.vc_custom_1560862980120{padding-top: 40px !important;}&#8221;]<div id=\"ultimate-heading-213169e08d7e456f1\" class=\"uvc-heading ult-adjust-bottom-margin ultimate-heading-213169e08d7e456f1 uvc-4593 set_max_width\" data-hspacer=\"icon_only\"  data-halign=\"center\" style=\"text-align:center\"><div class=\"uvc-heading-spacer icon_only\" style=\"top\"><div class=\"ult-just-icon-wrapper  \"><div class=\"align-icon\" style=\"text-align:center;\">\n<div class=\"aio-icon none \"  style=\"color:#9e2b31;font-size:26px;display:inline-block;\">\n\t<i class=\"icomoon-8\"><\/i>\n<\/div><\/div><\/div><\/div><div class=\"uvc-main-heading ult-responsive\"  data-ultimate-target='.uvc-heading.ultimate-heading-213169e08d7e456f1 h2'  data-responsive-json-new='{\"font-size\":\"desktop:25px;\",\"line-height\":\"\"}' ><h2 style=\"font-family:&#039;Poppins&#039;;font-weight:600;color:#3d3935;margin-top:11px;margin-bottom:7px;\">Polanco Restoran<\/h2><\/div><div class=\"uvc-sub-heading ult-responsive\"  data-ultimate-target='.uvc-heading.ultimate-heading-213169e08d7e456f1 .uvc-sub-heading '  data-responsive-json-new='{\"font-size\":\"\",\"line-height\":\"\"}'  style=\"font-family:&#039;Poppins&#039;;font-weight:normal;color:#9c9c9c;margin-bottom:38px;\"><span style=\"font-weight: 400;\">Modern mimari dekorasyonu ile \u015fehrin en \u015f\u0131k ambiyans\u0131na sahip mekan\u0131, Polanco Restoran\u2019da keyifli bir lezzet deneyimi i\u00e7in sizleri bekliyoruz.<\/span><\/p>\n<p><span class=\"Apple-converted-space\"><span style=\"font-weight: 400;\">Havuzba\u015f\u0131nda her d\u00f6nem servis vermekte olan Polanco Restoran men\u00fcs\u00fcnde, herkesin damak tad\u0131na hitap eden zengin se\u00e7enekler bulunmaktad\u0131r. <\/span> <\/span><\/p>\n<p><span style=\"font-weight: 400;\">G\u00fcn\u00fcn her saatinde lezzetli alternatiflerimizle sizlere hizmet ediyor olaca\u011f\u0131z.<\/span><\/div><\/div>[\/vc_column_inner][\/vc_row_inner]<\/div>\n[\/vc_column][\/vc_row][vc_row full_width=&#8221;stretch_row_content_no_spaces&#8221; content_placement=&#8221;middle&#8221; el_id=&#8221;mobil&#8221;][vc_column css=&#8221;.vc_custom_1644782748440{padding-top: 0px !important;}&#8221; offset=&#8221;vc_hidden-lg vc_hidden-md&#8221;]<div class=\"arrowpress-container container-fluid \">[vc_row_inner equal_height=&#8221;yes&#8221; content_placement=&#8221;middle&#8221;][vc_column_inner width=&#8221;1\/2&#8243; css=&#8221;.vc_custom_1560862980120{padding-top: 40px !important;}&#8221;]<div id=\"ultimate-heading-967269e08d7e459a3\" class=\"uvc-heading ult-adjust-bottom-margin ultimate-heading-967269e08d7e459a3 uvc-8636 set_max_width\" data-hspacer=\"icon_only\"  data-halign=\"center\" style=\"text-align:center\"><div class=\"uvc-heading-spacer icon_only\" style=\"top\"><div class=\"ult-just-icon-wrapper  \"><div class=\"align-icon\" style=\"text-align:center;\">\n<div class=\"aio-icon none \"  style=\"color:#9e2b31;font-size:26px;display:inline-block;\">\n\t<i class=\"icomoon-8\"><\/i>\n<\/div><\/div><\/div><\/div><div class=\"uvc-main-heading ult-responsive\"  data-ultimate-target='.uvc-heading.ultimate-heading-967269e08d7e459a3 h2'  data-responsive-json-new='{\"font-size\":\"desktop:25px;\",\"line-height\":\"\"}' ><h2 style=\"font-family:&#039;Poppins&#039;;font-weight:600;color:#3d3935;margin-top:11px;margin-bottom:7px;\">Polanco Restoran<\/h2><\/div><div class=\"uvc-sub-heading ult-responsive\"  data-ultimate-target='.uvc-heading.ultimate-heading-967269e08d7e459a3 .uvc-sub-heading '  data-responsive-json-new='{\"font-size\":\"\",\"line-height\":\"\"}'  style=\"font-family:&#039;Poppins&#039;;font-weight:normal;color:#9c9c9c;margin-bottom:38px;\"><span style=\"font-weight: 400;\">Modern mimari dekorasyonu ile \u015fehrin en \u015f\u0131k ambiyans\u0131na sahip mekan\u0131, Polanco Restoran\u2019da keyifli bir lezzet deneyimi i\u00e7in sizleri bekliyoruz.<\/span><\/p>\n<p><span class=\"Apple-converted-space\"><span style=\"font-weight: 400;\">Havuzba\u015f\u0131nda her d\u00f6nem servis vermekte olan Polanco Restoran men\u00fcs\u00fcnde, herkesin damak tad\u0131na hitap eden zengin se\u00e7enekler bulunmaktad\u0131r. <\/span> <\/span><\/p>\n<p><span style=\"font-weight: 400;\">G\u00fcn\u00fcn her saatinde lezzetli alternatiflerimizle sizlere hizmet ediyor olaca\u011f\u0131z.<\/span><\/div><\/div>[\/vc_column_inner][vc_column_inner width=&#8221;1\/2&#8243;][vc_images_carousel images=&#8221;89&#8243; img_size=&#8221;full&#8221; autoplay=&#8221;yes&#8221; css=&#8221;.vc_custom_1646769423306{margin-bottom: 0px !important;}&#8221;][\/vc_column_inner][\/vc_row_inner]<\/div>\n[\/vc_column][\/vc_row][vc_row full_width=&#8221;stretch_row_content_no_spaces&#8221; el_id=&#8221;desktop&#8221;][vc_column css=&#8221;.vc_custom_1644782684011{padding-top: 0px !important;}&#8221; offset=&#8221;vc_hidden-sm vc_hidden-xs&#8221;]<div class=\"arrowpress-container container-fluid \">[vc_row_inner equal_height=&#8221;yes&#8221; content_placement=&#8221;middle&#8221;][vc_column_inner width=&#8221;1\/2&#8243; css=&#8221;.vc_custom_1560862980120{padding-top: 40px !important;}&#8221;]<div id=\"ultimate-heading-64269e08d7e45c56\" class=\"uvc-heading ult-adjust-bottom-margin ultimate-heading-64269e08d7e45c56 uvc-350 set_max_width\" data-hspacer=\"icon_only\"  data-halign=\"center\" style=\"text-align:center\"><div class=\"uvc-heading-spacer icon_only\" style=\"top\"><div class=\"ult-just-icon-wrapper  \"><div class=\"align-icon\" style=\"text-align:center;\">\n<div class=\"aio-icon none \"  style=\"color:#9e2b31;font-size:26px;display:inline-block;\">\n\t<i class=\"icomoon-8\"><\/i>\n<\/div><\/div><\/div><\/div><div class=\"uvc-main-heading ult-responsive\"  data-ultimate-target='.uvc-heading.ultimate-heading-64269e08d7e45c56 h2'  data-responsive-json-new='{\"font-size\":\"desktop:25px;\",\"line-height\":\"\"}' ><h2 style=\"font-family:&#039;Poppins&#039;;font-weight:600;color:#3d3935;margin-top:11px;margin-bottom:7px;\">Grenada Restoran<\/h2><\/div><div class=\"uvc-sub-heading ult-responsive\"  data-ultimate-target='.uvc-heading.ultimate-heading-64269e08d7e45c56 .uvc-sub-heading '  data-responsive-json-new='{\"font-size\":\"\",\"line-height\":\"\"}'  style=\"font-family:&#039;Poppins&#039;;font-weight:normal;color:#9c9c9c;margin-bottom:38px;\"><span style=\"font-weight: 400;\">D\u00fcnya ve Akdeniz mutfaklar\u0131n\u0131 bir arada bulabilece\u011finiz, iki ayr\u0131 b\u00f6l\u00fcmden olu\u015fan Grenada Restoran\u2019da sabahlar\u0131 zengin kahvalt\u0131 i\u00e7erikleriyle g\u00fcne merhaba derken, \u00f6\u011fle ve ak\u015fam yemeklerinde, A La Carte servis hizmeti ile keyifli bir deneyim ya\u015fayacaks\u0131n\u0131z.<\/span><\/div><\/div>[\/vc_column_inner][vc_column_inner width=&#8221;1\/2&#8243;][vc_images_carousel images=&#8221;81,82,83,84,85&#8243; img_size=&#8221;full&#8221; css=&#8221;.vc_custom_1645560967724{margin-right: -15px !important;margin-bottom: 0px !important;}&#8221;][\/vc_column_inner][\/vc_row_inner]<\/div>\n[\/vc_column][\/vc_row][vc_row full_width=&#8221;stretch_row_content_no_spaces&#8221; el_id=&#8221;mobil&#8221;][vc_column css=&#8221;.vc_custom_1644782775960{padding-top: 0px !important;}&#8221; offset=&#8221;vc_hidden-lg vc_hidden-md&#8221;]<div class=\"arrowpress-container container-fluid \">[vc_row_inner equal_height=&#8221;yes&#8221; content_placement=&#8221;middle&#8221;][vc_column_inner width=&#8221;1\/2&#8243; css=&#8221;.vc_custom_1560862980120{padding-top: 40px !important;}&#8221;]<div id=\"ultimate-heading-551269e08d7e45f10\" class=\"uvc-heading ult-adjust-bottom-margin ultimate-heading-551269e08d7e45f10 uvc-1807 set_max_width\" data-hspacer=\"icon_only\"  data-halign=\"center\" style=\"text-align:center\"><div class=\"uvc-heading-spacer icon_only\" style=\"top\"><div class=\"ult-just-icon-wrapper  \"><div class=\"align-icon\" style=\"text-align:center;\">\n<div class=\"aio-icon none \"  style=\"color:#9e2b31;font-size:26px;display:inline-block;\">\n\t<i class=\"icomoon-8\"><\/i>\n<\/div><\/div><\/div><\/div><div class=\"uvc-main-heading ult-responsive\"  data-ultimate-target='.uvc-heading.ultimate-heading-551269e08d7e45f10 h2'  data-responsive-json-new='{\"font-size\":\"desktop:25px;\",\"line-height\":\"\"}' ><h2 style=\"font-family:&#039;Poppins&#039;;font-weight:600;color:#3d3935;margin-top:11px;margin-bottom:7px;\">Grenada Restoran<\/h2><\/div><div class=\"uvc-sub-heading ult-responsive\"  data-ultimate-target='.uvc-heading.ultimate-heading-551269e08d7e45f10 .uvc-sub-heading '  data-responsive-json-new='{\"font-size\":\"\",\"line-height\":\"\"}'  style=\"font-family:&#039;Poppins&#039;;font-weight:normal;color:#9c9c9c;margin-bottom:38px;\"><span style=\"font-weight: 400;\">D\u00fcnya ve Akdeniz mutfaklar\u0131n\u0131 bir arada bulabilece\u011finiz, iki ayr\u0131 b\u00f6l\u00fcmden olu\u015fan Grenada Restoran\u2019da sabahlar\u0131 zengin kahvalt\u0131 i\u00e7erikleriyle g\u00fcne merhaba derken, \u00f6\u011fle ve ak\u015fam yemeklerinde, A La Carte servis hizmeti ile keyifli bir deneyim ya\u015fayacaks\u0131n\u0131z.<\/span><\/div><\/div>[\/vc_column_inner][vc_column_inner width=&#8221;1\/2&#8243;][vc_images_carousel images=&#8221;81,82,83,84,85&#8243; img_size=&#8221;full&#8221; css=&#8221;.vc_custom_1646769457126{margin-bottom: 0px !important;}&#8221;][\/vc_column_inner][\/vc_row_inner]<\/div>\n[\/vc_column][\/vc_row]<\/p>\n<\/div>","protected":false},"excerpt":{"rendered":"<p>[vc_row full_width=&#8221;stretch_row_content_no_spaces&#8221; content_placement=&#8221;middle&#8221; el_id=&#8221;desktop&#8221;][vc_column css=&#8221;.vc_custom_1644782673113{padding-top: 0px !important;padding-right: 0px !important;}&#8221; offset=&#8221;vc_hidden-sm vc_hidden-xs&#8221;][\/vc_column][\/vc_row][vc_row full_width=&#8221;stretch_row_content_no_spaces&#8221; content_placement=&#8221;middle&#8221; el_id=&#8221;mobil&#8221;][vc_column css=&#8221;.vc_custom_1644782719788{padding-top: 0px !important;padding-right: 0px !important;}&#8221; offset=&#8221;vc_hidden-lg vc_hidden-md&#8221;][\/vc_column][\/vc_row][vc_row full_width=&#8221;stretch_row_content_no_spaces&#8221; content_placement=&#8221;middle&#8221; el_id=&#8221;desktop&#8221;][vc_column css=&#8221;.vc_custom_1644782677312{padding-top: 0px !important;}&#8221; offset=&#8221;vc_hidden-sm vc_hidden-xs&#8221;][\/vc_column][\/vc_row][vc_row full_width=&#8221;stretch_row_content_no_spaces&#8221; content_placement=&#8221;middle&#8221; el_id=&#8221;mobil&#8221;][vc_column css=&#8221;.vc_custom_1644782748440{padding-top: 0px !important;}&#8221; offset=&#8221;vc_hidden-lg vc_hidden-md&#8221;][\/vc_column][\/vc_row][vc_row full_width=&#8221;stretch_row_content_no_spaces&#8221; el_id=&#8221;desktop&#8221;][vc_column css=&#8221;.vc_custom_1644782684011{padding-top: 0px !important;}&#8221; offset=&#8221;vc_hidden-sm vc_hidden-xs&#8221;][\/vc_column][\/vc_row][vc_row full_width=&#8221;stretch_row_content_no_spaces&#8221; el_id=&#8221;mobil&#8221;][vc_column css=&#8221;.vc_custom_1644782775960{padding-top: 0px !important;}&#8221; offset=&#8221;vc_hidden-lg [&hellip;]<\/p>\n","protected":false},"author":2,"featured_media":0,"parent":0,"menu_order":0,"comment_status":"closed","ping_status":"closed","template":"","meta":{"inline_featured_image":false,"footnotes":""},"class_list":["post-90","page","type-page","status-publish","hentry"],"_links":{"self":[{"href":"https:\/\/pashahotels.com\/nicosia\/wp-json\/wp\/v2\/pages\/90","targetHints":{"allow":["GET"]}}],"collection":[{"href":"https:\/\/pashahotels.com\/nicosia\/wp-json\/wp\/v2\/pages"}],"about":[{"href":"https:\/\/pashahotels.com\/nicosia\/wp-json\/wp\/v2\/types\/page"}],"author":[{"embeddable":true,"href":"https:\/\/pashahotels.com\/nicosia\/wp-json\/wp\/v2\/users\/2"}],"replies":[{"embeddable":true,"href":"https:\/\/pashahotels.com\/nicosia\/wp-json\/wp\/v2\/comments?post=90"}],"version-history":[{"count":4,"href":"https:\/\/pashahotels.com\/nicosia\/wp-json\/wp\/v2\/pages\/90\/revisions"}],"predecessor-version":[{"id":354,"href":"https:\/\/pashahotels.com\/nicosia\/wp-json\/wp\/v2\/pages\/90\/revisions\/354"}],"wp:attachment":[{"href":"https:\/\/pashahotels.com\/nicosia\/wp-json\/wp\/v2\/media?parent=90"}],"curies":[{"name":"wp","href":"https:\/\/api.w.org\/{rel}","templated":true}]}}