{"id":78,"date":"2022-02-22T19:51:09","date_gmt":"2022-02-22T19:51:09","guid":{"rendered":"http:\/\/pashahotels.com\/nicosia\/?page_id=78"},"modified":"2022-12-07T13:26:48","modified_gmt":"2022-12-07T13:26:48","slug":"spa","status":"publish","type":"page","link":"https:\/\/pashahotels.com\/nicosia\/spa\/","title":{"rendered":"Spa"},"content":{"rendered":"<div class=\"wpb-content-wrapper\"><p>[vc_row full_width=&#8221;stretch_row_content_no_spaces&#8221; content_placement=&#8221;middle&#8221; el_id=&#8221;desktop&#8221;][vc_column css=&#8221;.vc_custom_1644786391579{padding-top: 0px !important;padding-right: 0px !important;}&#8221;]<div class=\"arrowpress-container container-fluid \">[vc_row_inner equal_height=&#8221;yes&#8221; content_placement=&#8221;middle&#8221; css=&#8221;.vc_custom_1644781151860{padding-right: 0px !important;}&#8221;][vc_column_inner css=&#8221;.vc_custom_1560862980120{padding-top: 40px !important;}&#8221;]<div id=\"ultimate-heading-9569d538a0b0a39\" class=\"uvc-heading ult-adjust-bottom-margin ultimate-heading-9569d538a0b0a39 uvc-6422 \" data-hspacer=\"icon_only\"  data-halign=\"center\" style=\"text-align:center\"><div class=\"uvc-heading-spacer icon_only\" style=\"top\"><div class=\"ult-just-icon-wrapper  \"><div class=\"align-icon\" style=\"text-align:center;\">\n<div class=\"aio-icon none \"  style=\"color:#9e2b31;font-size:26px;display:inline-block;\">\n\t<i class=\"icomoon-8\"><\/i>\n<\/div><\/div><\/div><\/div><div class=\"uvc-sub-heading ult-responsive\"  data-ultimate-target='.uvc-heading.ultimate-heading-9569d538a0b0a39 .uvc-sub-heading '  data-responsive-json-new='{\"font-size\":\"desktop:20px;\",\"line-height\":\"\"}'  style=\"font-family:&#039;Poppins&#039;;font-weight:normal;color:#9c9c9c;margin-bottom:38px;\">G\u00fcn\u00fcn yorgunlu\u011funu \u00fczerinizden atarken, yenilendi\u011finizi hissedeceksiniz\u2026<\/div><\/div>[\/vc_column_inner][\/vc_row_inner]<\/div>\n[\/vc_column][\/vc_row][vc_row full_width=&#8221;stretch_row_content_no_spaces&#8221;][vc_column][vc_row_inner][vc_column_inner][vc_masonry_media_grid grid_id=&#8221;vc_gid:1646769839759-97a323cd-4722-4&#8243; include=&#8221;68,65,70,63,76,66,74,75,77,72,73,71&#8243; css=&#8221;.vc_custom_1646654009324{margin-bottom: 0px !important;}&#8221;][\/vc_column_inner][\/vc_row_inner][\/vc_column][\/vc_row][vc_row][vc_column offset=&#8221;vc_hidden-lg vc_hidden-md vc_hidden-sm vc_hidden-xs&#8221;][vc_raw_html]JTNDc3R5bGUlM0UlMEEuc2lkZS1icmVhZGNydW1iJTdCJTBBYmFja2dyb3VuZC1wb3NpdGlvbiUzQSUyMGNlbnRlciUyMGJvdHRvbSUyMCUyMWltcG9ydGFudCUzQiUwQSU3RCUwQSUzQyUyRnN0eWxlJTNF[\/vc_raw_html][\/vc_column][\/vc_row]<\/p>\n<\/div>","protected":false},"excerpt":{"rendered":"<p>[vc_row full_width=&#8221;stretch_row_content_no_spaces&#8221; content_placement=&#8221;middle&#8221; el_id=&#8221;desktop&#8221;][vc_column css=&#8221;.vc_custom_1644786391579{padding-top: 0px !important;padding-right: 0px !important;}&#8221;][\/vc_column][\/vc_row][vc_row full_width=&#8221;stretch_row_content_no_spaces&#8221;][vc_column][vc_row_inner][vc_column_inner][vc_masonry_media_grid grid_id=&#8221;vc_gid:1646769839759-97a323cd-4722-4&#8243; include=&#8221;68,65,70,63,76,66,74,75,77,72,73,71&#8243; css=&#8221;.vc_custom_1646654009324{margin-bottom: 0px !important;}&#8221;][\/vc_column_inner][\/vc_row_inner][\/vc_column][\/vc_row][vc_row][vc_column offset=&#8221;vc_hidden-lg vc_hidden-md vc_hidden-sm vc_hidden-xs&#8221;][vc_raw_html]JTNDc3R5bGUlM0UlMEEuc2lkZS1icmVhZGNydW1iJTdCJTBBYmFja2dyb3VuZC1wb3NpdGlvbiUzQSUyMGNlbnRlciUyMGJvdHRvbSUyMCUyMWltcG9ydGFudCUzQiUwQSU3RCUwQSUzQyUyRnN0eWxlJTNF[\/vc_raw_html][\/vc_column][\/vc_row]<\/p>\n","protected":false},"author":2,"featured_media":0,"parent":0,"menu_order":0,"comment_status":"closed","ping_status":"closed","template":"","meta":{"inline_featured_image":false,"footnotes":""},"class_list":["post-78","page","type-page","status-publish","hentry"],"_links":{"self":[{"href":"https:\/\/pashahotels.com\/nicosia\/wp-json\/wp\/v2\/pages\/78","targetHints":{"allow":["GET"]}}],"collection":[{"href":"https:\/\/pashahotels.com\/nicosia\/wp-json\/wp\/v2\/pages"}],"about":[{"href":"https:\/\/pashahotels.com\/nicosia\/wp-json\/wp\/v2\/types\/page"}],"author":[{"embeddable":true,"href":"https:\/\/pashahotels.com\/nicosia\/wp-json\/wp\/v2\/users\/2"}],"replies":[{"embeddable":true,"href":"https:\/\/pashahotels.com\/nicosia\/wp-json\/wp\/v2\/comments?post=78"}],"version-history":[{"count":9,"href":"https:\/\/pashahotels.com\/nicosia\/wp-json\/wp\/v2\/pages\/78\/revisions"}],"predecessor-version":[{"id":350,"href":"https:\/\/pashahotels.com\/nicosia\/wp-json\/wp\/v2\/pages\/78\/revisions\/350"}],"wp:attachment":[{"href":"https:\/\/pashahotels.com\/nicosia\/wp-json\/wp\/v2\/media?parent=78"}],"curies":[{"name":"wp","href":"https:\/\/api.w.org\/{rel}","templated":true}]}}