{"id":267,"date":"2022-03-03T10:59:24","date_gmt":"2022-03-03T10:59:24","guid":{"rendered":"http:\/\/pashahotels.com\/nicosia\/?page_id=267"},"modified":"2022-10-20T11:27:14","modified_gmt":"2022-10-20T11:27:14","slug":"hakkimizda","status":"publish","type":"page","link":"https:\/\/pashahotels.com\/nicosia\/hakkimizda\/","title":{"rendered":"Hakk\u0131m\u0131zda"},"content":{"rendered":"<div class=\"wpb-content-wrapper\"><p>[vc_row content_placement=&#8221;middle&#8221;][vc_column css=&#8221;.vc_custom_1646304079495{padding-top: 50px !important;padding-right: 50px !important;padding-bottom: 50px !important;padding-left: 50px !important;}&#8221;]<div id=\"ultimate-heading-882069df4cb587ecb\" class=\"uvc-heading ult-adjust-bottom-margin ultimate-heading-882069df4cb587ecb uvc-5948 \" data-hspacer=\"no_spacer\"  data-halign=\"center\" style=\"text-align:center\"><div class=\"uvc-heading-spacer no_spacer\" style=\"top\"><\/div><div class=\"uvc-sub-heading ult-responsive\"  data-ultimate-target='.uvc-heading.ultimate-heading-882069df4cb587ecb .uvc-sub-heading '  data-responsive-json-new='{\"font-size\":\"\",\"line-height\":\"\"}'  style=\"font-weight:normal;\"><\/p>\n<p class=\"p1\"><span style=\"font-weight: 400;\">Otelimiz, Kuzey K\u0131br\u0131s T\u00fcrk Cumhuriyeti\u2019nin ba\u015fkenti Lefko\u015fa\u2019n\u0131n kalbinde yer alan Dereboyu Caddesi \u00fczerinde; i\u015f, finans ve t\u00fcp bebek merkezlerine, \u00fcniversitelere, fuar alanlar\u0131na, sanat ve k\u00fclt\u00fcr merkezlerine, e\u011flence mekanlar\u0131na, devlet daireleri ve bakanl\u0131klara y\u00fcr\u00fcme mesafesindedir. Havaliman\u0131na sadece 25 km mesafede bulunan Grand Pasha Lefko\u015fa, sizlere e\u015fsiz bir konfor alan\u0131 sunmaktad\u0131r. <\/span><\/p>\n<p class=\"p1\"><span style=\"font-weight: 400;\">Sizi A\u2019dan Z\u2019ye kusursuz bir hizmet anlay\u0131\u015f\u0131 ile kar\u015f\u0131layan Grand Pasha Lefko\u015fa ekibi, de\u011ferli misafirlerine konforlu ve keyifli bir deneyim ya\u015fatmak i\u00e7in bekliyor olacak.<\/span><\/p>\n<p><\/div><\/div>[\/vc_column][\/vc_row][vc_row][vc_column][vc_row_inner equal_height=&#8221;yes&#8221; content_placement=&#8221;middle&#8221;][vc_column_inner width=&#8221;1\/2&#8243;][vc_raw_html]JTNDZGl2JTIwYWxpZ24lM0QlMjJjZW50ZXIlMjIlMjBzdHlsZSUzRCUyMnRleHQtYWxpZ24lM0ElMjBjZW50ZXIlM0IlMjIlM0UlM0NpJTIwY2xhc3MlM0QlMjJpY29tb29uLTglMjIlM0UlM0MlMkZpJTNFJTNDJTJGZGl2JTNFJTNDYnIlM0U=[\/vc_raw_html][vc_column_text]<\/p>\n<h2 style=\"font-family: Poppins; font-weight: 600; color: #3d3935; margin-top: 11px; margin-bottom: 7px; text-align: center;\">Vizyonumuz<\/h2>\n<p style=\"text-align: center;\">Bulundu\u011fumuz b\u00f6lgelerde sekt\u00f6re y\u00f6n veren ve yenilik\u00e7i de\u011ferler \u00fcreten bir kurum olmak.<\/p>\n<p>[\/vc_column_text][\/vc_column_inner][vc_column_inner width=&#8221;1\/2&#8243;][vc_single_image image=&#8221;232&#8243; img_size=&#8221;full&#8221; alignment=&#8221;center&#8221;][\/vc_column_inner][\/vc_row_inner][\/vc_column][\/vc_row][vc_row full_width=&#8221;stretch_row_content_no_spaces&#8221;][vc_column css=&#8221;.vc_custom_1646381096490{margin-top: 100px !important;margin-bottom: 100px !important;padding-top: 75px !important;padding-bottom: 75px !important;background-image: url(http:\/\/pashahotels.com\/nicosia\/wp-content\/uploads\/2022\/03\/nicosia-services.jpg?id=252) !important;background-position: center !important;background-repeat: no-repeat !important;background-size: cover !important;}&#8221;][vc_column_text css=&#8221;.vc_custom_1646748829659{margin-bottom: 0px !important;}&#8221;]<\/p>\n<p style=\"font-size: 30px; color: #ffffff !important; text-align: center; line-height: 2em;\">\u2018\u2019Bulundu\u011fumuz sekt\u00f6rlere katt\u0131\u011f\u0131m\u0131z de\u011fer ve gelece\u011fe<br \/>\ny\u00f6nelik yarat\u0131c\u0131 \u00e7al\u0131\u015fmalar\u0131m\u0131z i\u00e7in gurur duyuyoruz.\u2018\u2019<\/p>\n<p>[\/vc_column_text][\/vc_column][\/vc_row][vc_row][vc_column][vc_row_inner equal_height=&#8221;yes&#8221; content_placement=&#8221;middle&#8221;][vc_column_inner width=&#8221;1\/2&#8243;][vc_single_image image=&#8221;236&#8243; img_size=&#8221;full&#8221; alignment=&#8221;center&#8221;][\/vc_column_inner][vc_column_inner width=&#8221;1\/2&#8243;][vc_raw_html]JTNDZGl2JTIwYWxpZ24lM0QlMjJjZW50ZXIlMjIlMjBzdHlsZSUzRCUyMnRleHQtYWxpZ24lM0ElMjBjZW50ZXIlM0IlMjIlM0UlM0NpJTIwY2xhc3MlM0QlMjJpY29tb29uLTglMjIlM0UlM0MlMkZpJTNFJTNDJTJGZGl2JTNFJTNDYnIlM0U=[\/vc_raw_html][vc_column_text]<\/p>\n<h2 style=\"font-family: Poppins; font-weight: 600; color: #3d3935; margin-top: 11px; margin-bottom: 7px; text-align: center;\">Misyonumuz<\/h2>\n<p style=\"text-align: center;\">En \u00fcst d\u00fczeyde misafir memnuniyetini sa\u011flayan, \u00e7al\u0131\u015fanlar\u0131na, i\u015f ortaklar\u0131na ve \u00e7evresine g\u00fcven veren, hizmet kalitesini markala\u015ft\u0131ran, bulundu\u011fu \u00fclke ekonomisine ve topluma de\u011fer katarak b\u00fcy\u00fcyen bir kurum olmak.<\/p>\n<p>[\/vc_column_text][\/vc_column_inner][\/vc_row_inner][\/vc_column][\/vc_row][vc_row full_width=&#8221;stretch_row_content_no_spaces&#8221; equal_height=&#8221;yes&#8221; content_placement=&#8221;middle&#8221;][vc_column css=&#8221;.vc_custom_1646305236648{padding-top: 0px !important;padding-right: 0px !important;padding-bottom: 0px !important;padding-left: 0px !important;}&#8221;][vc_raw_html css=&#8221;.vc_custom_1646308184204{margin-bottom: 0px !important;}&#8221;]JTNDaWZyYW1lJTIwc3JjJTNEJTIyaHR0cHMlM0ElMkYlMkZ3d3cuZ29vZ2xlLmNvbSUyRm1hcHMlMkZlbWJlZCUzRnBiJTNEJTIxMW0xOCUyMTFtMTIlMjExbTMlMjExZDMyNjAuNTI3MjIzMTk4MDEzJTIxMmQzMy4zNDQ3NzEzMTU4NDc5NiUyMTNkMzUuMTkzMzM0MzY0MTgwNzQlMjEybTMlMjExZjAlMjEyZjAlMjEzZjAlMjEzbTIlMjExaTEwMjQlMjEyaTc2OCUyMTRmMTMuMSUyMTNtMyUyMTFtMiUyMTFzMHgxNGRlMTBjY2U4ZTZkNTg1JTI1M0EweGQwZjU4MWM5YWE0MWM1ZDYlMjEyc0dyYW5kJTI1MjBQYXNoYSUyNTIwTGVma29zYSUyNTIwSG90ZWwlMjUyMCUyNTI2JTI1MjBDYXNpbm8lMjUyMCUyNTI2JTI1MjBTcGElMjE1ZTAlMjEzbTIlMjExc3RyJTIxMnN0ciUyMTR2MTY0NjMwNTExODYwOSUyMTVtMiUyMTFzdHIlMjEyc3RyJTIyJTIwd2lkdGglM0QlMjIxMDAlMjUlMjIlMjBoZWlnaHQlM0QlMjI0NTAlMjIlMjBzdHlsZSUzRCUyMmJvcmRlciUzQTAlM0IlMjIlMjBhbGxvd2Z1bGxzY3JlZW4lM0QlMjIlMjIlMjBsb2FkaW5nJTNEJTIybGF6eSUyMiUzRSUzQyUyRmlmcmFtZSUzRQ==[\/vc_raw_html][\/vc_column][\/vc_row][vc_row][vc_column offset=&#8221;vc_hidden-lg vc_hidden-md vc_hidden-sm vc_hidden-xs&#8221;][vc_raw_html]JTNDc3R5bGUlM0UlMEEuYmdkb3duJTIwJTNFJTIwZGl2JTIwJTdCJTBBYmFja2dyb3VuZC1wb3NpdGlvbiUzQSUyMGJvdHRvbSUyMCUyMWltcG9ydGFudCUzQiUwQSU3RCUwQS5zaWRlLWJyZWFkY3J1bWIlN0IlMEFiYWNrZ3JvdW5kLXBvc2l0aW9uJTNBJTIwY2VudGVyJTIwLTUwcHglMjAlMjFpbXBvcnRhbnQlM0IlMEElN0QlMEElM0MlMkZzdHlsZSUzRQ==[\/vc_raw_html][\/vc_column][\/vc_row]<\/p>\n<\/div>","protected":false},"excerpt":{"rendered":"<p>[vc_row content_placement=&#8221;middle&#8221;][vc_column css=&#8221;.vc_custom_1646304079495{padding-top: 50px !important;padding-right: 50px !important;padding-bottom: 50px !important;padding-left: 50px !important;}&#8221;][\/vc_column][\/vc_row][vc_row][vc_column][vc_row_inner equal_height=&#8221;yes&#8221; content_placement=&#8221;middle&#8221;][vc_column_inner width=&#8221;1\/2&#8243;][vc_raw_html]JTNDZGl2JTIwYWxpZ24lM0QlMjJjZW50ZXIlMjIlMjBzdHlsZSUzRCUyMnRleHQtYWxpZ24lM0ElMjBjZW50ZXIlM0IlMjIlM0UlM0NpJTIwY2xhc3MlM0QlMjJpY29tb29uLTglMjIlM0UlM0MlMkZpJTNFJTNDJTJGZGl2JTNFJTNDYnIlM0U=[\/vc_raw_html][vc_column_text] Vizyonumuz Bulundu\u011fumuz b\u00f6lgelerde sekt\u00f6re y\u00f6n veren ve yenilik\u00e7i de\u011ferler \u00fcreten bir kurum olmak. [\/vc_column_text][\/vc_column_inner][vc_column_inner width=&#8221;1\/2&#8243;][vc_single_image image=&#8221;232&#8243; img_size=&#8221;full&#8221; alignment=&#8221;center&#8221;][\/vc_column_inner][\/vc_row_inner][\/vc_column][\/vc_row][vc_row full_width=&#8221;stretch_row_content_no_spaces&#8221;][vc_column css=&#8221;.vc_custom_1646381096490{margin-top: 100px !important;margin-bottom: 100px !important;padding-top: 75px !important;padding-bottom: 75px !important;background-image: url(http:\/\/pashahotels.com\/nicosia\/wp-content\/uploads\/2022\/03\/nicosia-services.jpg?id=252) !important;background-position: center !important;background-repeat: no-repeat !important;background-size: cover !important;}&#8221;][vc_column_text [&hellip;]<\/p>\n","protected":false},"author":2,"featured_media":0,"parent":0,"menu_order":0,"comment_status":"closed","ping_status":"closed","template":"","meta":{"inline_featured_image":false,"footnotes":""},"class_list":["post-267","page","type-page","status-publish","hentry"],"_links":{"self":[{"href":"https:\/\/pashahotels.com\/nicosia\/wp-json\/wp\/v2\/pages\/267","targetHints":{"allow":["GET"]}}],"collection":[{"href":"https:\/\/pashahotels.com\/nicosia\/wp-json\/wp\/v2\/pages"}],"about":[{"href":"https:\/\/pashahotels.com\/nicosia\/wp-json\/wp\/v2\/types\/page"}],"author":[{"embeddable":true,"href":"https:\/\/pashahotels.com\/nicosia\/wp-json\/wp\/v2\/users\/2"}],"replies":[{"embeddable":true,"href":"https:\/\/pashahotels.com\/nicosia\/wp-json\/wp\/v2\/comments?post=267"}],"version-history":[{"count":17,"href":"https:\/\/pashahotels.com\/nicosia\/wp-json\/wp\/v2\/pages\/267\/revisions"}],"predecessor-version":[{"id":345,"href":"https:\/\/pashahotels.com\/nicosia\/wp-json\/wp\/v2\/pages\/267\/revisions\/345"}],"wp:attachment":[{"href":"https:\/\/pashahotels.com\/nicosia\/wp-json\/wp\/v2\/media?parent=267"}],"curies":[{"name":"wp","href":"https:\/\/api.w.org\/{rel}","templated":true}]}}