{"id":1511,"date":"2022-03-04T08:07:46","date_gmt":"2022-03-04T08:07:46","guid":{"rendered":"http:\/\/pashahotels.com\/kyrenia\/?page_id=1511"},"modified":"2023-01-09T12:46:30","modified_gmt":"2023-01-09T12:46:30","slug":"hakkimizda","status":"publish","type":"page","link":"https:\/\/pashahotels.com\/kyrenia\/hakkimizda\/","title":{"rendered":"Hakk\u0131m\u0131zda"},"content":{"rendered":"<div class=\"wpb-content-wrapper\"><p>[vc_row content_placement=&#8221;middle&#8221;][vc_column css=&#8221;.vc_custom_1646304079495{padding-top: 50px !important;padding-right: 50px !important;padding-bottom: 50px !important;padding-left: 50px !important;}&#8221;]<div id=\"ultimate-heading-984069e1a362e113d\" class=\"uvc-heading ult-adjust-bottom-margin ultimate-heading-984069e1a362e113d uvc-185 \" data-hspacer=\"no_spacer\"  data-halign=\"center\" style=\"text-align:center\"><div class=\"uvc-heading-spacer no_spacer\" style=\"top\"><\/div><div class=\"uvc-sub-heading ult-responsive\"  data-ultimate-target='.uvc-heading.ultimate-heading-984069e1a362e113d .uvc-sub-heading '  data-responsive-json-new='{\"font-size\":\"\",\"line-height\":\"\"}'  style=\"font-weight:normal;\"><span style=\"font-weight: 400;\">Kuzey K\u0131br\u0131s T\u00fcrk Cumhuriyeti\u2019nin en \u00f6nemli turizm b\u00f6lgelerinden biri olan Girne \u015fehrinin merkezinde bulunan Grand Pasha Girne, olduk\u00e7a elveri\u015fli bir konumda bulunmaktad\u0131r.<\/span><\/p>\n<p><span style=\"font-weight: 400;\">Havaliman\u0131na sadece 35 km uzakl\u0131kta bulunan otelimiz sizlere e\u015fsiz bir konfor alan\u0131 sunmaktad\u0131r.<\/span><\/p>\n<p><span style=\"font-weight: 400;\">A\u2019dan Z\u2019ye kusursuz bir hizmet anlay\u0131\u015f\u0131 ile hizmet eden Grand Pasha Girne ekibi, profesyonel ve deneyimli kadrosuyla, de\u011ferli misafirlerine konforlu ve keyifli bir deneyim ya\u015fatmak i\u00e7in bekliyor olacak.<\/span><\/div><\/div>[\/vc_column][\/vc_row][vc_row][vc_column][vc_row_inner equal_height=&#8221;yes&#8221; content_placement=&#8221;middle&#8221;][vc_column_inner width=&#8221;1\/2&#8243;][vc_raw_html]JTNDZGl2JTIwYWxpZ24lM0QlMjJjZW50ZXIlMjIlMjBzdHlsZSUzRCUyMnRleHQtYWxpZ24lM0ElMjBjZW50ZXIlM0IlMjIlM0UlM0NpJTIwY2xhc3MlM0QlMjJpY29tb29uLTglMjIlM0UlM0MlMkZpJTNFJTNDJTJGZGl2JTNFJTNDYnIlM0U=[\/vc_raw_html][vc_column_text]<\/p>\n<h2 style=\"font-family: Poppins; font-weight: 600; color: #3d3935; margin-top: 11px; margin-bottom: 7px; text-align: center;\">Vizyonumuz<\/h2>\n<p style=\"text-align: center;\">Bulundu\u011fumuz b\u00f6lgelerde sekt\u00f6re y\u00f6n veren ve yenilik\u00e7i de\u011ferler \u00fcreten bir kurum olmak.<\/p>\n<p>[\/vc_column_text][\/vc_column_inner][vc_column_inner width=&#8221;1\/2&#8243;][vc_single_image image=&#8221;1414&#8243; img_size=&#8221;full&#8221; alignment=&#8221;center&#8221;][\/vc_column_inner][\/vc_row_inner][\/vc_column][\/vc_row][vc_row full_width=&#8221;stretch_row_content_no_spaces&#8221;][vc_column css=&#8221;.vc_custom_1646381213562{margin-top: 100px !important;margin-bottom: 100px !important;padding-top: 75px !important;padding-bottom: 75px !important;background-image: url(http:\/\/pashahotels.com\/kyrenia\/wp-content\/uploads\/2022\/03\/deneme-cover.jpg?id=1437) !important;background-position: center !important;background-repeat: no-repeat !important;background-size: cover !important;}&#8221;][vc_column_text css=&#8221;.vc_custom_1646748890503{margin-bottom: 0px !important;}&#8221;]<\/p>\n<p style=\"font-size: 30px; color: #ffffff !important; text-align: center; line-height: 2em;\">\u2018\u2019Bulundu\u011fumuz sekt\u00f6rlere katt\u0131\u011f\u0131m\u0131z de\u011fer ve gelece\u011fe<br \/>\ny\u00f6nelik yarat\u0131c\u0131 \u00e7al\u0131\u015fmalar\u0131m\u0131z i\u00e7in gurur duyuyoruz.\u2018\u2019<\/p>\n<p>[\/vc_column_text][\/vc_column][\/vc_row][vc_row][vc_column][vc_row_inner equal_height=&#8221;yes&#8221; content_placement=&#8221;middle&#8221;][vc_column_inner width=&#8221;1\/2&#8243;][vc_single_image image=&#8221;1416&#8243; img_size=&#8221;full&#8221; alignment=&#8221;center&#8221;][\/vc_column_inner][vc_column_inner width=&#8221;1\/2&#8243;][vc_raw_html]JTNDZGl2JTIwYWxpZ24lM0QlMjJjZW50ZXIlMjIlMjBzdHlsZSUzRCUyMnRleHQtYWxpZ24lM0ElMjBjZW50ZXIlM0IlMjIlM0UlM0NpJTIwY2xhc3MlM0QlMjJpY29tb29uLTglMjIlM0UlM0MlMkZpJTNFJTNDJTJGZGl2JTNFJTNDYnIlM0U=[\/vc_raw_html][vc_column_text]<\/p>\n<h2 style=\"font-family: Poppins; font-weight: 600; color: #3d3935; margin-top: 11px; margin-bottom: 7px; text-align: center;\">Misyonumuz<\/h2>\n<p style=\"text-align: center;\">En \u00fcst d\u00fczeyde misafir memnuniyetini sa\u011flayan, \u00e7al\u0131\u015fanlar\u0131na, i\u015f ortaklar\u0131na ve \u00e7evresine g\u00fcven veren, hizmet kalitesini markala\u015ft\u0131ran, bulundu\u011fu \u00fclke ekonomisine ve topluma de\u011fer katarak b\u00fcy\u00fcyen bir kurum olmak.<\/p>\n<p>[\/vc_column_text][\/vc_column_inner][\/vc_row_inner][\/vc_column][\/vc_row][vc_row full_width=&#8221;stretch_row_content_no_spaces&#8221; equal_height=&#8221;yes&#8221; content_placement=&#8221;middle&#8221;][vc_column css=&#8221;.vc_custom_1646305236648{padding-top: 0px !important;padding-right: 0px !important;padding-bottom: 0px !important;padding-left: 0px !important;}&#8221;][vc_raw_html css=&#8221;.vc_custom_1646677159729{margin-bottom: 0px !important;}&#8221;]JTNDaWZyYW1lJTIwc3JjJTNEJTIyaHR0cHMlM0ElMkYlMkZ3d3cuZ29vZ2xlLmNvbSUyRm1hcHMlMkZlbWJlZCUzRnBiJTNEJTIxMW0xNCUyMTFtOCUyMTFtMyUyMTFkMTMwMTkuNDgyNDEyMTQ3NzY1JTIxMmQzMy4zMzI1Njg3JTIxM2QzNS4zMzQwMzQ2JTIxM20yJTIxMWkxMDI0JTIxMmk3NjglMjE0ZjEzLjElMjEzbTMlMjExbTIlMjExczB4MCUyNTNBMHg4M2ViZGYwZDJhNTk4ZmUwJTIxMnNHcmFuZCUyNTIwUGFzaGElMjUyMEt5cmVuaWElMjUyMEhvdGVsJTI1MjAlMjUyNiUyNTIwQ2FzaW5vJTI1MjAlMjUyNiUyNTIwU3BhJTIxNWUwJTIxM20yJTIxMXN0ciUyMTJzdHIlMjE0djE2NDQzODU1NTM0MjAlMjE1bTIlMjExc3RyJTIxMnN0ciUyMiUyMHdpZHRoJTNEJTIyMTAwJTI1JTIyJTIwaGVpZ2h0JTNEJTIyNDUwJTIyJTIwc3R5bGUlM0QlMjJib3JkZXIlM0EwJTNCJTIyJTIwYWxsb3dmdWxsc2NyZWVuJTNEJTIyJTIyJTIwbG9hZGluZyUzRCUyMmxhenklMjIlM0UlM0MlMkZpZnJhbWUlM0U=[\/vc_raw_html][\/vc_column][\/vc_row][vc_row][vc_column offset=&#8221;vc_hidden-lg vc_hidden-md vc_hidden-sm vc_hidden-xs&#8221;][vc_raw_html]JTNDc3R5bGUlM0UlMEEuYmdkb3duJTIwJTNFJTIwZGl2JTIwJTdCJTBBYmFja2dyb3VuZC1wb3NpdGlvbiUzQSUyMGJvdHRvbSUyMCUyMWltcG9ydGFudCUzQiUwQSU3RCUwQS5zaWRlLWJyZWFkY3J1bWIlN0IlMEFiYWNrZ3JvdW5kLXBvc2l0aW9uJTNBJTIwY2VudGVyJTIwYm90dG9tJTIwJTIxaW1wb3J0YW50JTNCJTBBJTdEJTBBJTNDJTJGc3R5bGUlM0U=[\/vc_raw_html][\/vc_column][\/vc_row]<\/p>\n<\/div>","protected":false},"excerpt":{"rendered":"<p>[vc_row content_placement=&#8221;middle&#8221;][vc_column css=&#8221;.vc_custom_1646304079495{padding-top: 50px !important;padding-right: 50px !important;padding-bottom: 50px !important;padding-left: 50px !important;}&#8221;][\/vc_column][\/vc_row][vc_row][vc_column][vc_row_inner equal_height=&#8221;yes&#8221; content_placement=&#8221;middle&#8221;][vc_column_inner width=&#8221;1\/2&#8243;][vc_raw_html]JTNDZGl2JTIwYWxpZ24lM0QlMjJjZW50ZXIlMjIlMjBzdHlsZSUzRCUyMnRleHQtYWxpZ24lM0ElMjBjZW50ZXIlM0IlMjIlM0UlM0NpJTIwY2xhc3MlM0QlMjJpY29tb29uLTglMjIlM0UlM0MlMkZpJTNFJTNDJTJGZGl2JTNFJTNDYnIlM0U=[\/vc_raw_html][vc_column_text] Vizyonumuz Bulundu\u011fumuz b\u00f6lgelerde sekt\u00f6re y\u00f6n veren ve yenilik\u00e7i de\u011ferler \u00fcreten bir kurum olmak. [\/vc_column_text][\/vc_column_inner][vc_column_inner width=&#8221;1\/2&#8243;][vc_single_image image=&#8221;1414&#8243; img_size=&#8221;full&#8221; alignment=&#8221;center&#8221;][\/vc_column_inner][\/vc_row_inner][\/vc_column][\/vc_row][vc_row full_width=&#8221;stretch_row_content_no_spaces&#8221;][vc_column css=&#8221;.vc_custom_1646381213562{margin-top: 100px !important;margin-bottom: 100px !important;padding-top: 75px !important;padding-bottom: 75px !important;background-image: url(http:\/\/pashahotels.com\/kyrenia\/wp-content\/uploads\/2022\/03\/deneme-cover.jpg?id=1437) !important;background-position: center !important;background-repeat: no-repeat !important;background-size: cover !important;}&#8221;][vc_column_text [&hellip;]<\/p>\n","protected":false},"author":2,"featured_media":0,"parent":0,"menu_order":0,"comment_status":"closed","ping_status":"closed","template":"","meta":{"inline_featured_image":false,"footnotes":""},"class_list":["post-1511","page","type-page","status-publish","hentry"],"_links":{"self":[{"href":"https:\/\/pashahotels.com\/kyrenia\/wp-json\/wp\/v2\/pages\/1511","targetHints":{"allow":["GET"]}}],"collection":[{"href":"https:\/\/pashahotels.com\/kyrenia\/wp-json\/wp\/v2\/pages"}],"about":[{"href":"https:\/\/pashahotels.com\/kyrenia\/wp-json\/wp\/v2\/types\/page"}],"author":[{"embeddable":true,"href":"https:\/\/pashahotels.com\/kyrenia\/wp-json\/wp\/v2\/users\/2"}],"replies":[{"embeddable":true,"href":"https:\/\/pashahotels.com\/kyrenia\/wp-json\/wp\/v2\/comments?post=1511"}],"version-history":[{"count":19,"href":"https:\/\/pashahotels.com\/kyrenia\/wp-json\/wp\/v2\/pages\/1511\/revisions"}],"predecessor-version":[{"id":1587,"href":"https:\/\/pashahotels.com\/kyrenia\/wp-json\/wp\/v2\/pages\/1511\/revisions\/1587"}],"wp:attachment":[{"href":"https:\/\/pashahotels.com\/kyrenia\/wp-json\/wp\/v2\/media?parent=1511"}],"curies":[{"name":"wp","href":"https:\/\/api.w.org\/{rel}","templated":true}]}}