{"id":1186,"date":"2022-02-15T18:46:09","date_gmt":"2022-02-15T18:46:09","guid":{"rendered":"http:\/\/pashahotels.com\/kyrenia\/?page_id=1186"},"modified":"2026-04-22T08:45:14","modified_gmt":"2026-04-22T08:45:14","slug":"etkinlikler","status":"publish","type":"page","link":"https:\/\/pashahotels.com\/kyrenia\/etkinlikler\/","title":{"rendered":"Etkinlikler"},"content":{"rendered":"<div class=\"wpb-content-wrapper\"><p>[vc_row full_width=&#8221;stretch_row_content_no_spaces&#8221;][vc_column][vc_row_inner wrap_container=&#8221;yes&#8221; content_placement=&#8221;middle&#8221;][vc_column_inner]<div id=\"ultimate-heading-859869f18855602d7\" class=\"uvc-heading ult-adjust-bottom-margin ultimate-heading-859869f18855602d7 uvc-711 \" data-hspacer=\"icon_only\"  data-halign=\"center\" style=\"text-align:center\"><div class=\"uvc-heading-spacer icon_only\" style=\"margin-bottom:30px;\"><div class=\"ult-just-icon-wrapper  \"><div class=\"align-icon\" style=\"text-align:center;\">\n<div class=\"aio-icon none \"  style=\"color:#9e2b31;font-size:26px;display:inline-block;\">\n\t<i class=\"icomoon-8\"><\/i>\n<\/div><\/div><\/div><\/div><div class=\"uvc-sub-heading ult-responsive\"  data-ultimate-target='.uvc-heading.ultimate-heading-859869f18855602d7 .uvc-sub-heading '  data-responsive-json-new='{\"font-size\":\"\",\"line-height\":\"\"}'  style=\"font-family:&#039;Poppins&#039;;font-weight:normal;color:#9c9c9c;margin-bottom:38px;\"><\/p>\n<p style=\"text-align: center;\">Hem kurumsal organizasyonlar\u0131n\u0131z hem d\u00fc\u011f\u00fcn, kokteyl, vb. \u00f6zel etkinlikleriniz i\u00e7in t\u00fcm detaylar\u0131 en ince ayr\u0131nt\u0131s\u0131na kadar planlayarak, yan\u0131n\u0131zda olmaktan b\u00fcy\u00fck mutluluk duymaktay\u0131z.<br \/>\n\u015eehrin merkezinde kusursuz bir organizasyona imza atmak istiyorsan\u0131z, tek yapman\u0131z gereken, bizlerle ileti\u015fime ge\u00e7erek hayalinizdeki etkinli\u011fin detaylar\u0131n\u0131 payla\u015fmak\u2026<br \/>\nEtkinlik planlay\u0131c\u0131lar\u0131m\u0131z, t\u00fcm detaylar\u0131n kusursuz bir \u015fekilde ger\u00e7ekle\u015fmesi i\u00e7in organizasyon \u00f6ncesi gerekli y\u00f6nlendirmeleri sizlerle payla\u015f\u0131yor olacak.<\/p>\n<p><\/div><\/div>[\/vc_column_inner][\/vc_row_inner][\/vc_column][\/vc_row][vc_row full_width=&#8221;stretch_row_content_no_spaces&#8221;][vc_column][vc_row_inner wrap_container=&#8221;yes&#8221; content_placement=&#8221;middle&#8221;][vc_column_inner]<div id=\"ultimate-heading-177669f188556040f\" class=\"uvc-heading ult-adjust-bottom-margin ultimate-heading-177669f188556040f uvc-6237 \" data-hspacer=\"icon_only\"  data-halign=\"center\" style=\"text-align:center\"><div class=\"uvc-heading-spacer icon_only\" style=\"margin-bottom:30px;\"><div class=\"ult-just-icon-wrapper  \"><div class=\"align-icon\" style=\"text-align:center;\">\n<div class=\"aio-icon none \"  style=\"color:#9e2b31;font-size:26px;display:inline-block;\">\n\t<i class=\"none\"><\/i>\n<\/div><\/div><\/div><\/div><div class=\"uvc-main-heading ult-responsive\"  data-ultimate-target='.uvc-heading.ultimate-heading-177669f188556040f h2'  data-responsive-json-new='{\"font-size\":\"desktop:25px;\",\"line-height\":\"\"}' ><h2 style=\"font-family:&#039;Poppins&#039;;font-weight:600;color:#3d3935;margin-top:11px;margin-bottom:7px;\">Toplant\u0131 Salonlar\u0131<\/h2><\/div><\/div>[\/vc_column_inner][\/vc_row_inner][\/vc_column][\/vc_row][vc_row full_width=&#8221;stretch_row_content_no_spaces&#8221;][vc_column css=&#8221;.vc_custom_1644958626558{padding-top: 0px !important;}&#8221; offset=&#8221;vc_hidden-sm vc_hidden-xs&#8221;]<div class=\"arrowpress-container container-fluid \">[vc_row_inner equal_height=&#8221;yes&#8221; content_placement=&#8221;middle&#8221;][vc_column_inner width=&#8221;1\/2&#8243;]<div id=\"ultimate-heading-639669f1885560777\" class=\"uvc-heading ult-adjust-bottom-margin ultimate-heading-639669f1885560777 uvc-2631 \" data-hspacer=\"icon_only\"  data-halign=\"center\" style=\"text-align:center\"><div class=\"uvc-heading-spacer icon_only\" style=\"top\"><div class=\"ult-just-icon-wrapper  \"><div class=\"align-icon\" style=\"text-align:center;\">\n<div class=\"aio-icon none \"  style=\"color:#9e2b31;font-size:26px;display:inline-block;\">\n\t<i class=\"icomoon-8\"><\/i>\n<\/div><\/div><\/div><\/div><div class=\"uvc-main-heading ult-responsive\"  data-ultimate-target='.uvc-heading.ultimate-heading-639669f1885560777 h2'  data-responsive-json-new='{\"font-size\":\"desktop:25px;\",\"line-height\":\"\"}' ><h2 style=\"font-family:&#039;Poppins&#039;;font-weight:600;color:#3d3935;margin-top:11px;margin-bottom:7px;\">ST.HILARION<\/h2><\/div><div class=\"uvc-sub-heading ult-responsive\"  data-ultimate-target='.uvc-heading.ultimate-heading-639669f1885560777 .uvc-sub-heading '  data-responsive-json-new='{\"font-size\":\"\",\"line-height\":\"\"}'  style=\"font-family:&#039;Poppins&#039;;font-weight:normal;color:#9c9c9c;margin-bottom:38px;\"><\/p>\n<table class=\"meeting_amenities saloons\">\n<tbody>\n<tr>\n<td><img decoding=\"async\" src=\"\/kyrenia\/wp-content\/uploads\/2022\/03\/ozellikler-Hall.svg\" width=\"100%\" height=\"100%\" \/><\/td>\n<td><img decoding=\"async\" src=\"\/kyrenia\/wp-content\/uploads\/2022\/03\/ozellikler-Size-m.svg\" width=\"100%\" height=\"100%\" \/><\/td>\n<td><img decoding=\"async\" src=\"\/kyrenia\/wp-content\/uploads\/2022\/03\/ozellikler-Height-m.svg\" width=\"100%\" height=\"100%\" \/><\/td>\n<\/tr>\n<tr>\n<td>Salon<\/td>\n<td>Geni\u015flik m<\/td>\n<td>Y\u00fckseklik m<\/td>\n<\/tr>\n<tr>\n<td>St.Hilarion<\/td>\n<td>5,9 m<\/td>\n<td>2,62<\/td>\n<\/tr>\n<tr>\n<td><img decoding=\"async\" src=\"\/kyrenia\/wp-content\/uploads\/2022\/03\/ozellikler-Area-m2.svg\" width=\"100%\" height=\"100%\" \/><\/td>\n<td><img decoding=\"async\" src=\"\/kyrenia\/wp-content\/uploads\/2022\/03\/ozellikler-Theatre.svg\" width=\"100%\" height=\"100%\" \/><\/td>\n<td><img decoding=\"async\" src=\"\/kyrenia\/wp-content\/uploads\/2022\/03\/ozellikler-Class.svg\" width=\"100%\" height=\"100%\" \/><\/td>\n<\/tr>\n<tr>\n<td>Alan m2<\/td>\n<td>Tiyatro<\/td>\n<td>S\u0131n\u0131f<\/td>\n<\/tr>\n<tr>\n<td>35<\/td>\n<td><\/td>\n<td><\/td>\n<\/tr>\n<tr>\n<td><img decoding=\"async\" src=\"\/kyrenia\/wp-content\/uploads\/2022\/03\/ozellikler-U-Layout.svg\" width=\"100%\" height=\"100%\" \/><\/td>\n<td><img decoding=\"async\" src=\"\/kyrenia\/wp-content\/uploads\/2022\/03\/ozellikler-Ball.svg\" width=\"100%\" height=\"100%\" \/><\/td>\n<td><img decoding=\"async\" src=\"\/kyrenia\/wp-content\/uploads\/2022\/03\/ozellikler-Cocktail.svg\" width=\"100%\" height=\"100%\" \/><\/td>\n<\/tr>\n<tr>\n<td>U D\u00fczeni<\/td>\n<td>Balo<\/td>\n<td>Kokteyl<\/td>\n<\/tr>\n<tr>\n<td>12 pax<\/td>\n<td><\/td>\n<td><\/td>\n<\/tr>\n<\/tbody>\n<\/table>\n<p><\/div><\/div>[\/vc_column_inner][vc_column_inner width=&#8221;1\/2&#8243; css=&#8221;.vc_custom_1644955717780{padding-right: 20px !important;padding-left: 20px !important;}&#8221;][vc_images_carousel images=&#8221;1189,1190&#8243; img_size=&#8221;full&#8221; autoplay=&#8221;yes&#8221; hide_prev_next_buttons=&#8221;yes&#8221; wrap=&#8221;yes&#8221;][\/vc_column_inner][\/vc_row_inner]<\/div>\n[\/vc_column][\/vc_row][vc_row full_width=&#8221;stretch_row_content_no_spaces&#8221;][vc_column css=&#8221;.vc_custom_1644958633615{padding-top: 0px !important;}&#8221; offset=&#8221;vc_hidden-lg vc_hidden-md&#8221;]<div class=\"arrowpress-container container-fluid \">[vc_row_inner equal_height=&#8221;yes&#8221; content_placement=&#8221;middle&#8221;][vc_column_inner css=&#8221;.vc_custom_1560862980120{padding-top: 40px !important;}&#8221;]<div id=\"ultimate-heading-590669f1885560a7a\" class=\"uvc-heading ult-adjust-bottom-margin ultimate-heading-590669f1885560a7a uvc-3112 \" data-hspacer=\"icon_only\"  data-halign=\"center\" style=\"text-align:center\"><div class=\"uvc-heading-spacer icon_only\" style=\"top\"><div class=\"ult-just-icon-wrapper  \"><div class=\"align-icon\" style=\"text-align:center;\">\n<div class=\"aio-icon none \"  style=\"color:#9e2b31;font-size:26px;display:inline-block;\">\n\t<i class=\"icomoon-8\"><\/i>\n<\/div><\/div><\/div><\/div><div class=\"uvc-main-heading ult-responsive\"  data-ultimate-target='.uvc-heading.ultimate-heading-590669f1885560a7a h2'  data-responsive-json-new='{\"font-size\":\"desktop:25px;\",\"line-height\":\"\"}' ><h2 style=\"font-family:&#039;Poppins&#039;;font-weight:600;color:#3d3935;margin-top:11px;margin-bottom:7px;\">ST.HILARION<\/h2><\/div><div class=\"uvc-sub-heading ult-responsive\"  data-ultimate-target='.uvc-heading.ultimate-heading-590669f1885560a7a .uvc-sub-heading '  data-responsive-json-new='{\"font-size\":\"\",\"line-height\":\"\"}'  style=\"font-family:&#039;Poppins&#039;;font-weight:normal;color:#9c9c9c;margin-bottom:38px;\"><\/p>\n<table class=\"meeting_amenities saloons\">\n<tbody>\n<tr>\n<td><img decoding=\"async\" src=\"\/kyrenia\/wp-content\/uploads\/2022\/03\/ozellikler-Hall.svg\" width=\"100%\" height=\"100%\" \/><\/td>\n<td><img decoding=\"async\" src=\"\/kyrenia\/wp-content\/uploads\/2022\/03\/ozellikler-Size-m.svg\" width=\"100%\" height=\"100%\" \/><\/td>\n<td><img decoding=\"async\" src=\"\/kyrenia\/wp-content\/uploads\/2022\/03\/ozellikler-Height-m.svg\" width=\"100%\" height=\"100%\" \/><\/td>\n<\/tr>\n<tr>\n<td>Salon<\/td>\n<td>Geni\u015flik m<\/td>\n<td>Y\u00fckseklik m<\/td>\n<\/tr>\n<tr>\n<td>St.Hilarion<\/td>\n<td>5,9 m<\/td>\n<td>2,62<\/td>\n<\/tr>\n<tr>\n<td><img decoding=\"async\" src=\"\/kyrenia\/wp-content\/uploads\/2022\/03\/ozellikler-Area-m2.svg\" width=\"100%\" height=\"100%\" \/><\/td>\n<td><img decoding=\"async\" src=\"\/kyrenia\/wp-content\/uploads\/2022\/03\/ozellikler-Theatre.svg\" width=\"100%\" height=\"100%\" \/><\/td>\n<td><img decoding=\"async\" src=\"\/kyrenia\/wp-content\/uploads\/2022\/03\/ozellikler-Class.svg\" width=\"100%\" height=\"100%\" \/><\/td>\n<\/tr>\n<tr>\n<td>Alan m2<\/td>\n<td>Tiyatro<\/td>\n<td>S\u0131n\u0131f<\/td>\n<\/tr>\n<tr>\n<td>35<\/td>\n<td><\/td>\n<td><\/td>\n<\/tr>\n<tr>\n<td><img decoding=\"async\" src=\"\/kyrenia\/wp-content\/uploads\/2022\/03\/ozellikler-U-Layout.svg\" width=\"100%\" height=\"100%\" \/><\/td>\n<td><img decoding=\"async\" src=\"\/kyrenia\/wp-content\/uploads\/2022\/03\/ozellikler-Ball.svg\" width=\"100%\" height=\"100%\" \/><\/td>\n<td><img decoding=\"async\" src=\"\/kyrenia\/wp-content\/uploads\/2022\/03\/ozellikler-Cocktail.svg\" width=\"100%\" height=\"100%\" \/><\/td>\n<\/tr>\n<tr>\n<td>U D\u00fczeni<\/td>\n<td>Balo<\/td>\n<td>Kokteyl<\/td>\n<\/tr>\n<tr>\n<td>12 pax<\/td>\n<td><\/td>\n<td><\/td>\n<\/tr>\n<\/tbody>\n<\/table>\n<p><\/div><\/div>[\/vc_column_inner][\/vc_row_inner][vc_row_inner equal_height=&#8221;yes&#8221; content_placement=&#8221;middle&#8221;][vc_column_inner css=&#8221;.vc_custom_1644955717780{padding-right: 20px !important;padding-left: 20px !important;}&#8221;][vc_images_carousel images=&#8221;1189,1190&#8243; img_size=&#8221;full&#8221; autoplay=&#8221;yes&#8221; hide_prev_next_buttons=&#8221;yes&#8221; wrap=&#8221;yes&#8221;][\/vc_column_inner][\/vc_row_inner]<\/div>\n[\/vc_column][\/vc_row][vc_row full_width=&#8221;stretch_row_content_no_spaces&#8221; content_placement=&#8221;middle&#8221; el_id=&#8221;desktop&#8221;][vc_column css=&#8221;.vc_custom_1644955977501{padding-top: 0px !important;}&#8221; offset=&#8221;vc_hidden-sm vc_hidden-xs&#8221;]<div class=\"arrowpress-container container-fluid \">[vc_row_inner content_placement=&#8221;middle&#8221;][vc_column_inner width=&#8221;1\/2&#8243; css=&#8221;.vc_custom_1644955725198{padding-right: 20px !important;padding-left: 20px !important;}&#8221;][vc_images_carousel images=&#8221;1971,1973,1975&#8243; img_size=&#8221;full&#8221; autoplay=&#8221;yes&#8221; hide_prev_next_buttons=&#8221;yes&#8221; wrap=&#8221;yes&#8221;][\/vc_column_inner][vc_column_inner width=&#8221;1\/2&#8243;]<div id=\"ultimate-heading-502069f1885560d4f\" class=\"uvc-heading ult-adjust-bottom-margin ultimate-heading-502069f1885560d4f uvc-4395 \" data-hspacer=\"icon_only\"  data-halign=\"center\" style=\"text-align:center\"><div class=\"uvc-heading-spacer icon_only\" style=\"top\"><div class=\"ult-just-icon-wrapper  \"><div class=\"align-icon\" style=\"text-align:center;\">\n<div class=\"aio-icon none \"  style=\"color:#9e2b31;font-size:26px;display:inline-block;\">\n\t<i class=\"icomoon-8\"><\/i>\n<\/div><\/div><\/div><\/div><div class=\"uvc-main-heading ult-responsive\"  data-ultimate-target='.uvc-heading.ultimate-heading-502069f1885560d4f h2'  data-responsive-json-new='{\"font-size\":\"desktop:25px;\",\"line-height\":\"\"}' ><h2 style=\"font-family:&#039;Poppins&#039;;font-weight:600;color:#3d3935;margin-top:11px;margin-bottom:7px;\">CATERING<\/h2><\/div><div class=\"uvc-sub-heading ult-responsive\"  data-ultimate-target='.uvc-heading.ultimate-heading-502069f1885560d4f .uvc-sub-heading '  data-responsive-json-new='{\"font-size\":\"\",\"line-height\":\"\"}'  style=\"font-family:&#039;Poppins&#039;;font-weight:normal;color:#9c9c9c;margin-bottom:38px;\"><\/p>\n<table class=\"meeting_amenities saloons\">\n<tbody>\n<tr>\n<td><img decoding=\"async\" src=\"\/kyrenia\/wp-content\/uploads\/2022\/03\/ozellikler-Theatre.svg\" width=\"100%\" height=\"100%\" \/><\/td>\n<td><img decoding=\"async\" src=\"\/kyrenia\/wp-content\/uploads\/2022\/03\/ozellikler-Class.svg\" width=\"100%\" height=\"100%\" \/><\/td>\n<td><\/td>\n<\/tr>\n<tr>\n<td>Tiyatro<\/td>\n<td>S\u0131n\u0131f<\/td>\n<td><\/td>\n<\/tr>\n<tr>\n<td>55<\/td>\n<td>40<\/td>\n<td><\/td>\n<\/tr>\n<tr>\n<td><img decoding=\"async\" src=\"\/kyrenia\/wp-content\/uploads\/2022\/03\/ozellikler-U-Layout.svg\" width=\"100%\" height=\"100%\" \/><\/td>\n<td><img decoding=\"async\" src=\"\/kyrenia\/wp-content\/uploads\/2022\/03\/ozellikler-Ball.svg\" width=\"100%\" height=\"100%\" \/><\/td>\n<td><img decoding=\"async\" src=\"\/kyrenia\/wp-content\/uploads\/2022\/03\/ozellikler-Cocktail.svg\" width=\"100%\" height=\"100%\" \/><\/td>\n<\/tr>\n<tr>\n<td>U D\u00fczeni<\/td>\n<td>Balo<\/td>\n<td>Kokteyl<\/td>\n<\/tr>\n<tr>\n<td><\/td>\n<td><\/td>\n<td><\/td>\n<\/tr>\n<\/tbody>\n<\/table>\n<p><\/div><\/div>[\/vc_column_inner][\/vc_row_inner]<\/div>\n[\/vc_column][\/vc_row][vc_row full_width=&#8221;stretch_row_content_no_spaces&#8221; content_placement=&#8221;middle&#8221; el_id=&#8221;tabd-mobil&#8221;][vc_column css=&#8221;.vc_custom_1644955972426{padding-top: 0px !important;}&#8221; offset=&#8221;vc_hidden-lg vc_hidden-md&#8221;]<div class=\"arrowpress-container container-fluid \">[vc_row_inner content_placement=&#8221;middle&#8221;][vc_column_inner css=&#8221;.vc_custom_1560862980120{padding-top: 40px !important;}&#8221;]<div id=\"ultimate-heading-91669f1885561010\" class=\"uvc-heading ult-adjust-bottom-margin ultimate-heading-91669f1885561010 uvc-8962 \" data-hspacer=\"icon_only\"  data-halign=\"center\" style=\"text-align:center\"><div class=\"uvc-heading-spacer icon_only\" style=\"top\"><div class=\"ult-just-icon-wrapper  \"><div class=\"align-icon\" style=\"text-align:center;\">\n<div class=\"aio-icon none \"  style=\"color:#9e2b31;font-size:26px;display:inline-block;\">\n\t<i class=\"icomoon-8\"><\/i>\n<\/div><\/div><\/div><\/div><div class=\"uvc-main-heading ult-responsive\"  data-ultimate-target='.uvc-heading.ultimate-heading-91669f1885561010 h2'  data-responsive-json-new='{\"font-size\":\"desktop:25px;\",\"line-height\":\"\"}' ><h2 style=\"font-family:&#039;Poppins&#039;;font-weight:600;color:#3d3935;margin-top:11px;margin-bottom:7px;\">CATERING<\/h2><\/div><div class=\"uvc-sub-heading ult-responsive\"  data-ultimate-target='.uvc-heading.ultimate-heading-91669f1885561010 .uvc-sub-heading '  data-responsive-json-new='{\"font-size\":\"\",\"line-height\":\"\"}'  style=\"font-family:&#039;Poppins&#039;;font-weight:normal;color:#9c9c9c;margin-bottom:38px;\"><\/p>\n<table class=\"meeting_amenities saloons\">\n<tbody>\n<tr>\n<td><img decoding=\"async\" src=\"\/kyrenia\/wp-content\/uploads\/2022\/03\/ozellikler-Theatre.svg\" width=\"100%\" height=\"100%\" \/><\/td>\n<td><img decoding=\"async\" src=\"\/kyrenia\/wp-content\/uploads\/2022\/03\/ozellikler-Class.svg\" width=\"100%\" height=\"100%\" \/><\/td>\n<td><\/td>\n<\/tr>\n<tr>\n<td>Tiyatro<\/td>\n<td>S\u0131n\u0131f<\/td>\n<td><\/td>\n<\/tr>\n<tr>\n<td>55<\/td>\n<td>40<\/td>\n<td><\/td>\n<\/tr>\n<tr>\n<td><img decoding=\"async\" src=\"\/kyrenia\/wp-content\/uploads\/2022\/03\/ozellikler-U-Layout.svg\" width=\"100%\" height=\"100%\" \/><\/td>\n<td><img decoding=\"async\" src=\"\/kyrenia\/wp-content\/uploads\/2022\/03\/ozellikler-Ball.svg\" width=\"100%\" height=\"100%\" \/><\/td>\n<td><img decoding=\"async\" src=\"\/kyrenia\/wp-content\/uploads\/2022\/03\/ozellikler-Cocktail.svg\" width=\"100%\" height=\"100%\" \/><\/td>\n<\/tr>\n<tr>\n<td>U Layout<\/td>\n<td>Balo<\/td>\n<td>Kokteyl<\/td>\n<\/tr>\n<tr>\n<td><\/td>\n<td><\/td>\n<td><\/td>\n<\/tr>\n<\/tbody>\n<\/table>\n<p><\/div><\/div>[\/vc_column_inner][\/vc_row_inner][vc_row_inner content_placement=&#8221;middle&#8221;][vc_column_inner css=&#8221;.vc_custom_1644955725198{padding-right: 20px !important;padding-left: 20px !important;}&#8221;][vc_images_carousel images=&#8221;1971,1973,1975&#8243; img_size=&#8221;full&#8221; autoplay=&#8221;yes&#8221; hide_prev_next_buttons=&#8221;yes&#8221; wrap=&#8221;yes&#8221;][\/vc_column_inner][\/vc_row_inner]<\/div>\n[\/vc_column][\/vc_row][vc_row full_width=&#8221;stretch_row_content_no_spaces&#8221; content_placement=&#8221;middle&#8221;][vc_column css=&#8221;.vc_custom_1644955977501{padding-top: 0px !important;}&#8221; offset=&#8221;vc_hidden-sm vc_hidden-xs&#8221;]<div class=\"arrowpress-container container-fluid \">[vc_row_inner content_placement=&#8221;middle&#8221;][vc_column_inner width=&#8221;1\/2&#8243; css=&#8221;.vc_custom_1644955725198{padding-right: 20px !important;padding-left: 20px !important;}&#8221;][\/vc_column_inner][vc_column_inner width=&#8221;1\/2&#8243;][vc_images_carousel images=&#8221;2007,2009&#8243; img_size=&#8221;full&#8221; autoplay=&#8221;yes&#8221; hide_prev_next_buttons=&#8221;yes&#8221; wrap=&#8221;yes&#8221;][\/vc_column_inner][\/vc_row_inner]<\/div>\n[\/vc_column][\/vc_row][vc_row][vc_column offset=&#8221;vc_hidden-lg vc_hidden-md vc_hidden-sm vc_hidden-xs&#8221;][vc_raw_html]JTNDc3R5bGUlM0UlMEElNUJpZCU1RSUzRHZjX2ltYWdlcy1jYXJvdXNlbC0lNUQlN0IlMEFtYXJnaW4lM0ElMjBhdXRvJTNCJTBBJTdEJTBBJTBBaW5wdXQlN0IlMEFiYWNrZ3JvdW5kJTNBJTIzZjVmNWY1JTIwbm9uZSUyMHJlcGVhdCUyMHNjcm9sbCUyMDAlMjAwJTIwJTIxaW1wb3J0YW50JTNCJTBBbWF4LXdpZHRoJTNBMTAwJTI1JTNCJTBBbWFyZ2luLWJvdHRvbSUzQTE1cHglM0IlMEF3aWR0aCUzQTEwMCUyNSUyMCUyMWltcG9ydGFudCUzQiUwQSU3RCUwQSUwQSUzQyUyRnN0eWxlJTNF[\/vc_raw_html][\/vc_column][\/vc_row]<\/p>\n<\/div>","protected":false},"excerpt":{"rendered":"<p>[vc_row full_width=&#8221;stretch_row_content_no_spaces&#8221;][vc_column][vc_row_inner wrap_container=&#8221;yes&#8221; content_placement=&#8221;middle&#8221;][vc_column_inner][\/vc_column_inner][\/vc_row_inner][\/vc_column][\/vc_row][vc_row full_width=&#8221;stretch_row_content_no_spaces&#8221;][vc_column][vc_row_inner wrap_container=&#8221;yes&#8221; content_placement=&#8221;middle&#8221;][vc_column_inner][\/vc_column_inner][\/vc_row_inner][\/vc_column][\/vc_row][vc_row full_width=&#8221;stretch_row_content_no_spaces&#8221;][vc_column css=&#8221;.vc_custom_1644958626558{padding-top: 0px !important;}&#8221; offset=&#8221;vc_hidden-sm vc_hidden-xs&#8221;][\/vc_column][\/vc_row][vc_row full_width=&#8221;stretch_row_content_no_spaces&#8221;][vc_column css=&#8221;.vc_custom_1644958633615{padding-top: 0px !important;}&#8221; offset=&#8221;vc_hidden-lg vc_hidden-md&#8221;][\/vc_column][\/vc_row][vc_row full_width=&#8221;stretch_row_content_no_spaces&#8221; content_placement=&#8221;middle&#8221; el_id=&#8221;desktop&#8221;][vc_column css=&#8221;.vc_custom_1644955977501{padding-top: 0px !important;}&#8221; offset=&#8221;vc_hidden-sm vc_hidden-xs&#8221;][\/vc_column][\/vc_row][vc_row full_width=&#8221;stretch_row_content_no_spaces&#8221; content_placement=&#8221;middle&#8221; el_id=&#8221;tabd-mobil&#8221;][vc_column css=&#8221;.vc_custom_1644955972426{padding-top: 0px !important;}&#8221; offset=&#8221;vc_hidden-lg vc_hidden-md&#8221;][\/vc_column][\/vc_row][vc_row full_width=&#8221;stretch_row_content_no_spaces&#8221; content_placement=&#8221;middle&#8221;][vc_column css=&#8221;.vc_custom_1644955977501{padding-top: 0px !important;}&#8221; offset=&#8221;vc_hidden-sm vc_hidden-xs&#8221;][\/vc_column][\/vc_row][vc_row][vc_column offset=&#8221;vc_hidden-lg vc_hidden-md vc_hidden-sm vc_hidden-xs&#8221;][vc_raw_html]JTNDc3R5bGUlM0UlMEElNUJpZCU1RSUzRHZjX2ltYWdlcy1jYXJvdXNlbC0lNUQlN0IlMEFtYXJnaW4lM0ElMjBhdXRvJTNCJTBBJTdEJTBBJTBBaW5wdXQlN0IlMEFiYWNrZ3JvdW5kJTNBJTIzZjVmNWY1JTIwbm9uZSUyMHJlcGVhdCUyMHNjcm9sbCUyMDAlMjAwJTIwJTIxaW1wb3J0YW50JTNCJTBBbWF4LXdpZHRoJTNBMTAwJTI1JTNCJTBBbWFyZ2luLWJvdHRvbSUzQTE1cHglM0IlMEF3aWR0aCUzQTEwMCUyNSUyMCUyMWltcG9ydGFudCUzQiUwQSU3RCUwQSUwQSUzQyUyRnN0eWxlJTNF[\/vc_raw_html][\/vc_column][\/vc_row]<\/p>\n","protected":false},"author":2,"featured_media":0,"parent":0,"menu_order":0,"comment_status":"closed","ping_status":"closed","template":"","meta":{"inline_featured_image":false,"footnotes":""},"class_list":["post-1186","page","type-page","status-publish","hentry"],"_links":{"self":[{"href":"https:\/\/pashahotels.com\/kyrenia\/wp-json\/wp\/v2\/pages\/1186","targetHints":{"allow":["GET"]}}],"collection":[{"href":"https:\/\/pashahotels.com\/kyrenia\/wp-json\/wp\/v2\/pages"}],"about":[{"href":"https:\/\/pashahotels.com\/kyrenia\/wp-json\/wp\/v2\/types\/page"}],"author":[{"embeddable":true,"href":"https:\/\/pashahotels.com\/kyrenia\/wp-json\/wp\/v2\/users\/2"}],"replies":[{"embeddable":true,"href":"https:\/\/pashahotels.com\/kyrenia\/wp-json\/wp\/v2\/comments?post=1186"}],"version-history":[{"count":34,"href":"https:\/\/pashahotels.com\/kyrenia\/wp-json\/wp\/v2\/pages\/1186\/revisions"}],"predecessor-version":[{"id":2016,"href":"https:\/\/pashahotels.com\/kyrenia\/wp-json\/wp\/v2\/pages\/1186\/revisions\/2016"}],"wp:attachment":[{"href":"https:\/\/pashahotels.com\/kyrenia\/wp-json\/wp\/v2\/media?parent=1186"}],"curies":[{"name":"wp","href":"https:\/\/api.w.org\/{rel}","templated":true}]}}