{"id":1141,"date":"2022-02-13T21:06:23","date_gmt":"2022-02-13T21:06:23","guid":{"rendered":"http:\/\/pashahotels.com\/kyrenia\/?page_id=1141"},"modified":"2026-04-22T08:20:05","modified_gmt":"2026-04-22T08:20:05","slug":"spa","status":"publish","type":"page","link":"https:\/\/pashahotels.com\/kyrenia\/spa\/","title":{"rendered":"Spa"},"content":{"rendered":"<div class=\"wpb-content-wrapper\"><p>[vc_row full_width=&#8221;stretch_row_content_no_spaces&#8221; content_placement=&#8221;middle&#8221; el_id=&#8221;desktop&#8221;][vc_column css=&#8221;.vc_custom_1644786391579{padding-top: 0px !important;padding-right: 0px !important;}&#8221;]<div class=\"arrowpress-container container-fluid \">[vc_row_inner equal_height=&#8221;yes&#8221; content_placement=&#8221;middle&#8221; css=&#8221;.vc_custom_1644781151860{padding-right: 0px !important;}&#8221;][vc_column_inner css=&#8221;.vc_custom_1560862980120{padding-top: 40px !important;}&#8221;]<div id=\"ultimate-heading-366969f179bcf110e\" class=\"uvc-heading ult-adjust-bottom-margin ultimate-heading-366969f179bcf110e uvc-8718 \" data-hspacer=\"icon_only\"  data-halign=\"center\" style=\"text-align:center\"><div class=\"uvc-heading-spacer icon_only\" style=\"top\"><div class=\"ult-just-icon-wrapper  \"><div class=\"align-icon\" style=\"text-align:center;\">\n<div class=\"aio-icon none \"  style=\"color:#9e2b31;font-size:26px;display:inline-block;\">\n\t<i class=\"icomoon-8\"><\/i>\n<\/div><\/div><\/div><\/div><div class=\"uvc-sub-heading ult-responsive\"  data-ultimate-target='.uvc-heading.ultimate-heading-366969f179bcf110e .uvc-sub-heading '  data-responsive-json-new='{\"font-size\":\"desktop:20px;\",\"line-height\":\"\"}'  style=\"font-family:&#039;Poppins&#039;;font-weight:normal;color:#9c9c9c;margin-bottom:38px;\"><\/p>\n<p class=\"p1\">G\u00fcn\u00fcn yorgunlu\u011funu \u00fczerinizden atarken, yenilendi\u011finizi hissedeceksiniz\u2026<span class=\"Apple-converted-space\">\u00a0<\/span><\/p>\n<p><\/div><\/div>[\/vc_column_inner][\/vc_row_inner]<\/div>\n[\/vc_column][\/vc_row][vc_row full_width=&#8221;stretch_row_content_no_spaces&#8221;][vc_column][vc_row_inner][vc_column_inner][vc_masonry_media_grid grid_id=&#8221;vc_gid:1776845982237-7c6cf20a-205b-2&#8243; include=&#8221;1959,1147,1151,1955,1149,1150,1143,1152&#8243; css=&#8221;.vc_custom_1776846001288{margin-bottom: 0px !important;}&#8221;][\/vc_column_inner][\/vc_row_inner][\/vc_column][\/vc_row]<\/p>\n<\/div>","protected":false},"excerpt":{"rendered":"<p>[vc_row full_width=&#8221;stretch_row_content_no_spaces&#8221; content_placement=&#8221;middle&#8221; el_id=&#8221;desktop&#8221;][vc_column css=&#8221;.vc_custom_1644786391579{padding-top: 0px !important;padding-right: 0px !important;}&#8221;][\/vc_column][\/vc_row][vc_row full_width=&#8221;stretch_row_content_no_spaces&#8221;][vc_column][vc_row_inner][vc_column_inner][vc_masonry_media_grid grid_id=&#8221;vc_gid:1776845982237-7c6cf20a-205b-2&#8243; include=&#8221;1959,1147,1151,1955,1149,1150,1143,1152&#8243; css=&#8221;.vc_custom_1776846001288{margin-bottom: 0px !important;}&#8221;][\/vc_column_inner][\/vc_row_inner][\/vc_column][\/vc_row]<\/p>\n","protected":false},"author":2,"featured_media":0,"parent":0,"menu_order":0,"comment_status":"closed","ping_status":"closed","template":"","meta":{"inline_featured_image":false,"footnotes":""},"class_list":["post-1141","page","type-page","status-publish","hentry"],"_links":{"self":[{"href":"https:\/\/pashahotels.com\/kyrenia\/wp-json\/wp\/v2\/pages\/1141","targetHints":{"allow":["GET"]}}],"collection":[{"href":"https:\/\/pashahotels.com\/kyrenia\/wp-json\/wp\/v2\/pages"}],"about":[{"href":"https:\/\/pashahotels.com\/kyrenia\/wp-json\/wp\/v2\/types\/page"}],"author":[{"embeddable":true,"href":"https:\/\/pashahotels.com\/kyrenia\/wp-json\/wp\/v2\/users\/2"}],"replies":[{"embeddable":true,"href":"https:\/\/pashahotels.com\/kyrenia\/wp-json\/wp\/v2\/comments?post=1141"}],"version-history":[{"count":14,"href":"https:\/\/pashahotels.com\/kyrenia\/wp-json\/wp\/v2\/pages\/1141\/revisions"}],"predecessor-version":[{"id":2014,"href":"https:\/\/pashahotels.com\/kyrenia\/wp-json\/wp\/v2\/pages\/1141\/revisions\/2014"}],"wp:attachment":[{"href":"https:\/\/pashahotels.com\/kyrenia\/wp-json\/wp\/v2\/media?parent=1141"}],"curies":[{"name":"wp","href":"https:\/\/api.w.org\/{rel}","templated":true}]}}